{"id":512,"date":"2015-08-11T06:31:43","date_gmt":"2015-08-11T06:31:43","guid":{"rendered":"http:\/\/kidsplanet.ancorathemes.com\/?page_id=512"},"modified":"2025-10-26T12:14:19","modified_gmt":"2025-10-26T12:14:19","slug":"homepage-2","status":"publish","type":"page","link":"https:\/\/spielgruppe-kunterbunt-thalwil.ch\/","title":{"rendered":"Homepage 2"},"content":{"rendered":"<div class=\"vce-row-container\" data-vce-boxed-width=\"true\"><div class=\"vce-row vce-row--col-gap-30 vce-row-equal-height vce-row-content--top\" id=\"el-e9bce832\" data-vce-do-apply=\"all el-e9bce832\"><div class=\"vce-row-content\" data-vce-element-content=\"true\"><div class=\"vce-col vce-col--md-auto vce-col--xs-1 vce-col--xs-last vce-col--xs-first vce-col--sm-last vce-col--sm-first vce-col--md-last vce-col--lg-last vce-col--xl-last vce-col--md-first vce-col--lg-first vce-col--xl-first\" id=\"el-860cb110\"><div class=\"vce-col-inner\" data-vce-do-apply=\"border margin background  el-860cb110\"><div class=\"vce-col-content\" data-vce-element-content=\"true\" data-vce-do-apply=\"padding el-860cb110\"><div class=\"vce-row-container\" data-vce-boxed-width=\"true\"><div class=\"vce-row vce-row--col-gap-30 vce-row-equal-height vce-row-content--top\" id=\"el-b3dfae67\" data-vce-do-apply=\"all el-b3dfae67\"><div class=\"vce-content-background-container\"><\/div><div class=\"vce-row-content\" data-vce-element-content=\"true\"><div class=\"vce-col vce-col--md-11p vce-col--xs-1 vce-col--xs-last vce-col--xs-first vce-col--sm-last vce-col--sm-first vce-col--md-first vce-col--lg-first vce-col--xl-first\" id=\"el-3cb8a0a1\"><div class=\"vce-col-inner\" data-vce-do-apply=\"border margin background  el-3cb8a0a1\"><div class=\"vce-col-content\" data-vce-element-content=\"true\" data-vce-do-apply=\"padding el-3cb8a0a1\"><div><\/div><\/div><\/div><\/div><div class=\"vce-col vce-col--md-72p vce-col--xs-1 vce-col--xs-last vce-col--xs-first vce-col--sm-last vce-col--sm-first\" id=\"el-bbb597a8\"><div class=\"vce-col-inner\" data-vce-do-apply=\"border margin background  el-bbb597a8\"><div class=\"vce-col-content\" data-vce-element-content=\"true\" data-vce-do-apply=\"padding el-bbb597a8\"><div class=\"vce-text-block\"><div class=\"vce-text-block-wrapper vce\" id=\"el-1298413b\" data-vce-do-apply=\"all el-1298413b\"><div><noscript><style>.vce-row-container .vcv-lozad {display: none}<\/style><\/noscript><\/div>\n<div>\n<div class=\"sc_content content_wrap\" style=\"margin-top: 5.55em !important; margin-bottom: 5.5em !important;\">\n<div class=\"columns_wrap sc_columns columns_nofluid sc_columns_count_5\">\n<div class=\"column-3_5 sc_column_item sc_column_item_1 odd first span_3\">\n<h6 class=\"sc_title sc_title_dotted\" style=\"margin-bottom: 2.65em;\">Herzlich Willkommen<\/h6>\n<span style=\"font-family: Oswald; font-style: normal;\"><strong style=\"color: #666666; font-size: 16px; font-weight: 600;\">In unseren Spielgruppen sammeln die Kinder erste Erfahrungen mit Gleichaltrigen in einer Kleingruppe ohne ihre Eltern.<\/strong> <\/span><span style=\"font-size: 15px; font-weight: 300; font-style: normal;\"><span style=\"font-size: 16px; color: #666666;\">Wir unterst\u00fctzen dabei jedes Kind in seiner individuellen Entwicklung und helfen ihm sich schrittweise in eine Gruppe zu integrieren.&nbsp;<\/span><span style=\"font-size: 16px; color: #666666;\">In den Spielgruppen versuchen wir das Selbstvertrauen zu st\u00e4rken, die Kreativit\u00e4t der Kinder zu f\u00f6rdern, die Entwicklung altersentsprechend zu unterst\u00fctzen, sowie das soziale Verhalten in der Gruppe aufzubauen.&nbsp;<\/span><span style=\"font-size: 16px; color: #666666;\">Somit erleichtern wir den Kindern den zuk\u00fcnftigen Start im Kindergarten.<\/span><\/span><\/div>\n<div class=\"column-3_5 sc_column_item sc_column_item_1 odd first span_3\">&nbsp;<\/div>\n<div class=\"column-2_5 sc_column_item sc_column_item_4 even span_2 after_span_3\">\n<div class=\"sc_section\" style=\"background-color: #88c877;\">\n<div class=\"sc_section_inner\">\n<div class=\"sc_section_overlay\">\n<div class=\"sc_section_content\">\n<h6 class=\"sc_title sc_title_regular sc_align_center\" style=\"margin-bottom: 1.08em; text-align: center; color: #ffffff; font-size: 2.222em;\"><strong><span style=\"font-size: 16px; font-family: Oswald, sans-serif; font-style: normal; color: #666666;\">\u00f6ffnungszeiten<\/span><\/strong><\/h6>\n<ul class=\"sc_list sc_list_style_ul\" style=\"font-weight: 400; color: #ffffff;\">\n<li class=\"sc_list_item odd first\">8:30 \u2013 11:30 Uhr<\/li>\n<li class=\"sc_list_item even\" title=\"1 (800) 345- 6789\">montags, mittwochs, donnertags, freitags<\/li>\n<li class=\"sc_list_item odd\">Kontakt: spielgruppen@elternverein-thalwil.ch oder https:\/\/www.elternverein-thalwil.ch\/index.php\/spielgruppe<\/li>\n<\/ul>\n<\/div>\n<\/div>\n<\/div>\n<\/div>\n<\/div>\n<\/div>\n<\/div>\n<\/div><\/div><\/div><div class=\"vce vce-separator-container vce-separator--align-center vce-separator--style-solid\" id=\"el-4006dee4\" data-vce-do-apply=\"margin el-4006dee4\"><div class=\"vce-separator vce-separator--color-bfc0c1 vce-separator--width-60 vce-separator--thickness-1\" data-vce-do-apply=\"border padding background  el-4006dee4\"><\/div><\/div><div class=\"vce-row-container\" data-vce-boxed-width=\"true\"><div class=\"vce-row vce-row--col-gap-30 vce-row-equal-height vce-row-content--top\" id=\"el-89b78c0d\" data-vce-do-apply=\"all el-89b78c0d\"><div class=\"vce-row-content\" data-vce-element-content=\"true\"><div class=\"vce-col vce-col--md-auto vce-col--xs-1 vce-col--xs-last vce-col--xs-first vce-col--sm-last vce-col--sm-first vce-col--md-last vce-col--lg-last vce-col--xl-last vce-col--md-first vce-col--lg-first vce-col--xl-first\" id=\"el-0049c804\"><div class=\"vce-col-inner\" data-vce-do-apply=\"border margin background  el-0049c804\"><div class=\"vce-col-content\" data-vce-element-content=\"true\" data-vce-do-apply=\"padding el-0049c804\"><div class=\"vce-text-block\"><div class=\"vce-text-block-wrapper vce\" id=\"el-97576cf1\" data-vce-do-apply=\"all el-97576cf1\"><p><span style=\"font-family: Oswald, sans-serif;\"><span style=\"font-size: 15px;\"><div class=\"sc_content content_wrap\" style=\"margin-top:5.55em !important;margin-bottom:5.5em !important;\"><div class=\"columns_wrap sc_columns columns_nofluid sc_columns_count_5\"><div class=\"column-3_5 sc_column_item sc_column_item_1 odd first span_3\"><h6 class=\"sc_title sc_title_dotted\" style=\"margin-bottom:2.65em;\">Hello and Welcome<\/h6><h3 class=\"sc_title sc_title_regular\" style=\"line-height: 1.5em;margin-bottom:0.8em;\"><\/h3><\/span><\/span><span style=\"font-family: Oswald, sans-serif; font-size: 15px; font-style: normal; font-weight: bold;\">At our playgroups, children gain their first experiences with children of the same age in a small group, without their parents. <\/span><span style=\"font-family: Oswald, sans-serif;\"><span style=\"font-size: 15px;\">We support each child in his or her individual development and help them to gradually integrate into their group. In the playgroups we try to stengthen the self-confidence, promote their creativity, support the development according to the age, as wel as to build up the social behaviour in a group setup. In this way, we facilitate the process to prepare the children for a smoother and easier start into Kindergarten.<\/span><\/span><span style=\"font-family: Oswald, sans-serif; font-size: 15px; font-style: normal; font-weight: 300;\"><\/div><div class=\"column-2_5 sc_column_item sc_column_item_4 even span_2 after_span_3\"><div class=\"sc_section\" style=\"background-color:#88c877;\"><div class=\"sc_section_inner\"><div class=\"sc_section_overlay\" style=\"\"><div class=\"sc_section_content\"><h6 class=\"sc_title sc_title_regular sc_align_center\" style=\"margin-bottom:1.08em;text-align:center;color:#ffffff;font-size:2.222em;\"><span style=\"font-family: Oswald; font-weight: 400;\">Opening Times<\/span><\/span><span style=\"font-family: Oswald, sans-serif; font-size: 15px; font-style: normal; font-weight: 300;\"><\/h6><ul class=\"sc_list sc_list_style_ul\" style=\"font-weight: 400;color:#ffffff;\"><li class=\"sc_list_item odd first\"><\/span><span style=\"font-family: Oswald, sans-serif; font-size: 15px; font-style: normal; font-weight: 300;\"><span style=\"font-family: Oswald; font-weight: 400;\">8:30 \u2013 11:30 am<\/span><\/li><li class=\"sc_list_item even\" title=\"1 (800) 345- 6789\"><span style=\"font-family: Oswald; font-weight: 400;\">Monday, Wednesday, Thursday, Friday<\/span><\/li><li class=\"sc_list_item odd\"><\/span><span style=\"font-size: 16px; font-weight: 400; font-style: normal; font-family: Oswald;\">Contact: spielgruppen@elternverein-thalwil.ch or https:\/\/www.elternverein-thalwil.ch\/index.php\/spielgruppe<\/span><span style=\"font-style: normal; font-family: Oswald, sans-serif; font-size: 15px; font-weight: 300;\"><\/li><\/ul><\/div><\/div><\/div><\/div><\/div><\/div><\/div><\/span><\/p>\n<p>&nbsp;<\/p>\n<p style=\"font-family: Oswald, sans-serif; font-size: 15px; font-style: normal; font-weight: 300;\">&nbsp;<\/p>\n<p style=\"font-family: Oswald, sans-serif; font-size: 15px; font-style: normal; font-weight: 300;\">&nbsp;<\/p><\/div><\/div><\/div><\/div><\/div><\/div><\/div><\/div><\/div><\/div><\/div><div class=\"vce-col vce-col--md-16p vce-col--xs-1 vce-col--xs-last vce-col--xs-first vce-col--sm-last vce-col--sm-first vce-col--md-last vce-col--lg-last vce-col--xl-last\" id=\"el-ae130c5f\"><div class=\"vce-col-inner\" data-vce-do-apply=\"border margin background  el-ae130c5f\"><div class=\"vce-col-content\" data-vce-element-content=\"true\" data-vce-do-apply=\"padding el-ae130c5f\"><div><\/div><\/div><\/div><\/div><\/div><\/div><\/div><section class=\"vce-feature-section-container vce-feature-section-media--xs\"><div class=\"vce vce-feature-section vce-feature-section--min-height vce-feature-section-background-color--b-216-91-211\" id=\"el-569ad23a\" data-vce-do-apply=\"margin background border  el-569ad23a\"><div class=\"vce-feature-section-image vce-feature-section-image--alignment-left vce-feature-section-image--background-position-center-center\" style=\"background-image: url('https:\/\/spielgruppe-kunterbunt-thalwil.ch\/wp-content\/uploads\/2021\/08\/DSC_7165-scaled.jpg');\"><\/div><div class=\"vce-feature-section-content\"><div class=\"vce-feature-section-content-container\" data-vce-do-apply=\"padding el-569ad23a\"><div class=\"vce-feature-section-description\"><h1><span style=\"font-family: BenchNine; font-weight: bold; font-style: normal;\">Unsere Spielgruppe<\/span><\/h1>\n<p dir=\"ltr\" style=\"line-height: 1.38; background-color: #d85bd3; margin-top: 0pt; margin-bottom: 0pt; padding: 0pt 0pt 4pt 0pt;\"><span style=\"font-family: BenchNine;\"><span style=\"font-size: 11pt; color: #ffffff; background-color: transparent; font-weight: bold; font-style: normal; font-variant: normal; text-decoration: none; vertical-align: baseline; white-space: pre-wrap;\">Wo: Alte<\/span><span style=\"font-size: 11pt; color: #ffffff; background-color: transparent; font-weight: 400; font-style: normal; font-variant: normal; text-decoration: none; vertical-align: baseline; white-space: pre-wrap;\"> Landstrasse 11, 8800 Thalwil<\/span><\/span><\/p>\n<p dir=\"ltr\" style=\"line-height: 1.38; background-color: #d85bd3; margin-top: 0pt; margin-bottom: 0pt; padding: 0pt 0pt 4pt 0pt;\"><span style=\"font-family: BenchNine;\"><span style=\"font-size: 11pt; color: #ffffff; background-color: transparent; font-weight: bold; font-style: normal; font-variant: normal; text-decoration: none; vertical-align: baseline; white-space: pre-wrap;\">F<\/span><span style=\"font-size: 16px; font-style: normal; font-weight: 400;\">\u00fcr<\/span><span style=\"background-color: transparent; font-size: 11pt; font-style: normal; font-weight: bold; white-space: pre-wrap;\"> Kinder ab 2 Jahren bis Kindergarteneintritt<\/span><\/span><\/p>\n<p dir=\"ltr\" style=\"line-height: 1.38; background-color: #d85bd3; margin-top: 0pt; margin-bottom: 0pt; padding: 0pt 0pt 4pt 0pt;\"><span style=\"background-color: transparent; font-size: 11pt; font-style: normal; font-weight: bold; white-space: pre-wrap; font-family: BenchNine;\">For children from 2 years of age until kindergarden entry<\/span><\/p>\n<p><span style=\"font-size: 16px;\">&nbsp;&nbsp;<\/span><\/p><\/div><div class=\"vce-button--style-outline-container vce-button--style-outline-container--align-left\"><span class=\"vce-button--style-outline-wrapper vce\" id=\"el-e92cfdd1\" data-vce-do-apply=\"margin el-e92cfdd1\"><a class=\"vce-button vce-button--style-outline-animated vce-button--style-outline--border-square vce-button--style-outline--size-medium vce-button--style-outline-animated--color-b-255-255-255--fff--3d3d3d vce-button--style-outline-animated--border-color-e3e3e3--3d3d3d vce-button--style-outline-animated--background-color-3d3d3d\" href=\"https:\/\/www.elternverein-thalwil.ch\/index.php\/anmeldung-spielgruppen?lang=de\" title=\"\" data-vce-do-apply=\"padding border background  el-e92cfdd1\" target=\"_blank\" rel=\"noopener\"><span class=\"vce-button--style-outline-text\"> jetzt bewerben<\/span><\/a><\/span><\/div><\/div><\/div><\/div><\/section><\/div><\/div><\/div><\/div><\/div><\/div><div class=\"vce-row-container\" data-vce-boxed-width=\"true\"><div class=\"vce-row vce-row--col-gap-30 vce-row-equal-height vce-row-content--top\" id=\"el-cd206257\" data-vce-do-apply=\"all el-cd206257\"><div class=\"vce-row-content\" data-vce-element-content=\"true\"><div class=\"vce-col vce-col--md-auto vce-col--xs-1 vce-col--xs-last vce-col--xs-first vce-col--sm-last vce-col--sm-first vce-col--md-last vce-col--lg-last vce-col--xl-last vce-col--md-first vce-col--lg-first vce-col--xl-first\" id=\"el-eb70bc63\"><div class=\"vce-col-inner\" data-vce-do-apply=\"border margin background  el-eb70bc63\"><div class=\"vce-col-content\" data-vce-element-content=\"true\" data-vce-do-apply=\"padding el-eb70bc63\"><div><\/div><\/div><\/div><\/div><\/div><\/div><\/div><div class=\"vce-row-container\" data-vce-boxed-width=\"true\"><div class=\"vce-row vce-row--col-gap-30 vce-row-equal-height vce-row-content--top\" id=\"el-9dfb8615\" data-vce-do-apply=\"all el-9dfb8615\"><div class=\"vce-row-content\" data-vce-element-content=\"true\"><div class=\"vce-col vce-col--md-auto vce-col--xs-1 vce-col--xs-last vce-col--xs-first vce-col--sm-last vce-col--sm-first vce-col--md-last vce-col--lg-last vce-col--xl-last vce-col--md-first vce-col--lg-first vce-col--xl-first\" id=\"el-e902886b\"><div class=\"vce-col-inner\" data-vce-do-apply=\"border margin background  el-e902886b\"><div class=\"vce-col-content\" data-vce-element-content=\"true\" data-vce-do-apply=\"padding el-e902886b\"><div class=\"vce-image-masonry-gallery\"><div class=\"vce-image-masonry-gallery-wrapper vce vce-image-masonry-gallery--gap-10 vce-image-masonry-gallery--columns-3\" id=\"el-eaf7dd9a\" data-vce-do-apply=\"all el-eaf7dd9a\" data-vce-animate=\"vce-o-animate--bounceIn\"><div class=\"vce-image-masonry-gallery-list\"><div class=\"vce-image-masonry-gallery-column\"><a href=\"https:\/\/spielgruppe-kunterbunt-thalwil.ch\/wp-content\/uploads\/2021\/08\/DSC_7162-scaled.jpg\" data-lightbox=\"lightbox-eaf7dd9a\" class=\"vce-image-masonry-gallery-item inited\" rel=\"prettyPhoto[slideshow]\"><img class=\"vce-image-masonry-gallery-img\" src=\"https:\/\/spielgruppe-kunterbunt-thalwil.ch\/wp-content\/uploads\/2021\/08\/DSC_7162-scaled.jpg\" alt=\"\"><\/a><a href=\"https:\/\/spielgruppe-kunterbunt-thalwil.ch\/wp-content\/uploads\/2021\/08\/DSC_7092-scaled.jpg\" data-lightbox=\"lightbox-eaf7dd9a\" class=\"vce-image-masonry-gallery-item inited\" rel=\"prettyPhoto[slideshow]\"><img class=\"vce-image-masonry-gallery-img\" src=\"https:\/\/spielgruppe-kunterbunt-thalwil.ch\/wp-content\/uploads\/2021\/08\/DSC_7092-scaled.jpg\" alt=\"\"><\/a><\/div><div class=\"vce-image-masonry-gallery-column\"><a href=\"https:\/\/spielgruppe-kunterbunt-thalwil.ch\/wp-content\/uploads\/2021\/08\/DSC_7147-scaled.jpg\" data-lightbox=\"lightbox-eaf7dd9a\" class=\"vce-image-masonry-gallery-item inited\" rel=\"prettyPhoto[slideshow]\"><img class=\"vce-image-masonry-gallery-img\" src=\"https:\/\/spielgruppe-kunterbunt-thalwil.ch\/wp-content\/uploads\/2021\/08\/DSC_7147-scaled.jpg\" alt=\"\"><\/a><a href=\"https:\/\/spielgruppe-kunterbunt-thalwil.ch\/wp-content\/uploads\/2021\/08\/DSC_7087-scaled.jpg\" data-lightbox=\"lightbox-eaf7dd9a\" class=\"vce-image-masonry-gallery-item inited\" rel=\"prettyPhoto[slideshow]\"><img class=\"vce-image-masonry-gallery-img\" src=\"https:\/\/spielgruppe-kunterbunt-thalwil.ch\/wp-content\/uploads\/2021\/08\/DSC_7087-scaled.jpg\" alt=\"\"><\/a><\/div><div class=\"vce-image-masonry-gallery-column\"><a href=\"https:\/\/spielgruppe-kunterbunt-thalwil.ch\/wp-content\/uploads\/2021\/08\/DSC_7148-scaled.jpg\" data-lightbox=\"lightbox-eaf7dd9a\" class=\"vce-image-masonry-gallery-item inited\" rel=\"prettyPhoto[slideshow]\"><img class=\"vce-image-masonry-gallery-img\" src=\"https:\/\/spielgruppe-kunterbunt-thalwil.ch\/wp-content\/uploads\/2021\/08\/DSC_7148-scaled.jpg\" alt=\"\"><\/a><a href=\"https:\/\/spielgruppe-kunterbunt-thalwil.ch\/wp-content\/uploads\/2021\/08\/DSC_7141-scaled.jpg\" data-lightbox=\"lightbox-eaf7dd9a\" class=\"vce-image-masonry-gallery-item inited\" rel=\"prettyPhoto[slideshow]\"><img class=\"vce-image-masonry-gallery-img\" src=\"https:\/\/spielgruppe-kunterbunt-thalwil.ch\/wp-content\/uploads\/2021\/08\/DSC_7141-scaled.jpg\" alt=\"\"><\/a><\/div><\/div><\/div><\/div><div class=\"vce-image-masonry-gallery\"><div class=\"vce-image-masonry-gallery-wrapper vce vce-image-masonry-gallery--gap-10 vce-image-masonry-gallery--columns-3\" id=\"el-f29d7836\" data-vce-do-apply=\"all el-f29d7836\"><div class=\"vce-image-masonry-gallery-list\"><div class=\"vce-image-masonry-gallery-column\"><a href=\"https:\/\/spielgruppe-kunterbunt-thalwil.ch\/wp-content\/uploads\/2021\/08\/DSC_7132-scaled.jpg\" data-lightbox=\"lightbox-f29d7836\" class=\"vce-image-masonry-gallery-item inited\" rel=\"prettyPhoto[slideshow]\"><img class=\"vce-image-masonry-gallery-img\" src=\"https:\/\/spielgruppe-kunterbunt-thalwil.ch\/wp-content\/uploads\/2021\/08\/DSC_7132-scaled.jpg\" alt=\"\"><\/a><a href=\"https:\/\/spielgruppe-kunterbunt-thalwil.ch\/wp-content\/uploads\/2021\/08\/DSC_7122-scaled.jpg\" data-lightbox=\"lightbox-f29d7836\" class=\"vce-image-masonry-gallery-item inited\" rel=\"prettyPhoto[slideshow]\"><img class=\"vce-image-masonry-gallery-img\" src=\"https:\/\/spielgruppe-kunterbunt-thalwil.ch\/wp-content\/uploads\/2021\/08\/DSC_7122-scaled.jpg\" alt=\"\"><\/a><\/div><div class=\"vce-image-masonry-gallery-column\"><a href=\"https:\/\/spielgruppe-kunterbunt-thalwil.ch\/wp-content\/uploads\/2021\/08\/DSC_7081-scaled.jpg\" data-lightbox=\"lightbox-f29d7836\" class=\"vce-image-masonry-gallery-item inited\" rel=\"prettyPhoto[slideshow]\"><img class=\"vce-image-masonry-gallery-img\" src=\"https:\/\/spielgruppe-kunterbunt-thalwil.ch\/wp-content\/uploads\/2021\/08\/DSC_7081-scaled.jpg\" alt=\"\"><\/a><a href=\"https:\/\/spielgruppe-kunterbunt-thalwil.ch\/wp-content\/uploads\/2021\/08\/DSC_7117-scaled.jpg\" data-lightbox=\"lightbox-f29d7836\" class=\"vce-image-masonry-gallery-item inited\" rel=\"prettyPhoto[slideshow]\"><img class=\"vce-image-masonry-gallery-img\" src=\"https:\/\/spielgruppe-kunterbunt-thalwil.ch\/wp-content\/uploads\/2021\/08\/DSC_7117-scaled.jpg\" alt=\"\"><\/a><\/div><div class=\"vce-image-masonry-gallery-column\"><a href=\"https:\/\/spielgruppe-kunterbunt-thalwil.ch\/wp-content\/uploads\/2021\/08\/DSC_7127-scaled.jpg\" data-lightbox=\"lightbox-f29d7836\" class=\"vce-image-masonry-gallery-item inited\" rel=\"prettyPhoto[slideshow]\"><img class=\"vce-image-masonry-gallery-img\" src=\"https:\/\/spielgruppe-kunterbunt-thalwil.ch\/wp-content\/uploads\/2021\/08\/DSC_7127-scaled.jpg\" alt=\"\"><\/a><a href=\"https:\/\/spielgruppe-kunterbunt-thalwil.ch\/wp-content\/uploads\/2021\/08\/DSC_7162-scaled.jpg\" data-lightbox=\"lightbox-f29d7836\" class=\"vce-image-masonry-gallery-item inited\" rel=\"prettyPhoto[slideshow]\"><img class=\"vce-image-masonry-gallery-img\" src=\"https:\/\/spielgruppe-kunterbunt-thalwil.ch\/wp-content\/uploads\/2021\/08\/DSC_7162-scaled.jpg\" alt=\"\"><\/a><\/div><\/div><\/div><\/div><div class=\"vce-image-gallery vce-image-gallery--gap-10 vce-image-gallery--columns-3\"><div class=\"vce-image-gallery-wrapper vce\" id=\"el-9fc3a8ce\" data-vce-do-apply=\"all el-9fc3a8ce\"><div class=\"vce-image-gallery-list\"><\/div><\/div><\/div><\/div><\/div><\/div><\/div><\/div><\/div>","protected":false},"excerpt":{"rendered":"<p>Herzlich Willkommen In unseren Spielgruppen sammeln die Kinder erste Erfahrungen mit Gleichaltrigen in einer Kleingruppe ohne ihre Eltern. Wir unterst\u00fctzen dabei jedes Kind in seiner individuellen Entwicklung und helfen ihm [&hellip;]<\/p>\n","protected":false},"author":1,"featured_media":0,"parent":0,"menu_order":0,"comment_status":"open","ping_status":"closed","template":"","meta":[],"_links":{"self":[{"href":"https:\/\/spielgruppe-kunterbunt-thalwil.ch\/index.php?rest_route=\/wp\/v2\/pages\/512"}],"collection":[{"href":"https:\/\/spielgruppe-kunterbunt-thalwil.ch\/index.php?rest_route=\/wp\/v2\/pages"}],"about":[{"href":"https:\/\/spielgruppe-kunterbunt-thalwil.ch\/index.php?rest_route=\/wp\/v2\/types\/page"}],"author":[{"embeddable":true,"href":"https:\/\/spielgruppe-kunterbunt-thalwil.ch\/index.php?rest_route=\/wp\/v2\/users\/1"}],"replies":[{"embeddable":true,"href":"https:\/\/spielgruppe-kunterbunt-thalwil.ch\/index.php?rest_route=%2Fwp%2Fv2%2Fcomments&post=512"}],"version-history":[{"count":67,"href":"https:\/\/spielgruppe-kunterbunt-thalwil.ch\/index.php?rest_route=\/wp\/v2\/pages\/512\/revisions"}],"predecessor-version":[{"id":1555,"href":"https:\/\/spielgruppe-kunterbunt-thalwil.ch\/index.php?rest_route=\/wp\/v2\/pages\/512\/revisions\/1555"}],"wp:attachment":[{"href":"https:\/\/spielgruppe-kunterbunt-thalwil.ch\/index.php?rest_route=%2Fwp%2Fv2%2Fmedia&parent=512"}],"curies":[{"name":"wp","href":"https:\/\/api.w.org\/{rel}","templated":true}]}}